{"id":4591,"date":"2019-02-26T13:26:30","date_gmt":"2019-02-26T13:26:30","guid":{"rendered":"https:\/\/b2b.eden-outcast.com\/produkt\/lava-vase-rose-s\/"},"modified":"2023-03-06T13:45:06","modified_gmt":"2023-03-06T13:45:06","slug":"lava-vase-rose-s","status":"publish","type":"product","link":"https:\/\/eden-outcast.com\/da\/product\/lava-vase-rose-s\/","title":{"rendered":"Lava vase Rose S"},"content":{"rendered":"","protected":false},"excerpt":{"rendered":"<p>Glasuren p\u00e5 vasen er lyser\u00f8d og pastel gul. P\u00e5 toppen er der et lag glasur med perlemors effekt. De nederste 9 cm af Lava vasen er mat, og den lyser\u00f8de og pastel gule farve smelter sammen. Hver vase er unik og h\u00e5nd malet. Dette design er et holdnings v\u00e6rk. Lava vasen er lige s\u00e5 god til blomster som uden, da den fint kan fungere som skulptur. Du kan style den med nogle f\u00e5 blomster eller en masse, du kan lave s\u00e5 mange forskellige udseende, ved at bruge et eller flere af hullerne.H\u00f8jden er 24 cm.<\/p>\n","protected":false},"featured_media":5121,"template":"","meta":{"_acf_changed":false},"product_cat":[161,135,159,130],"product_tag":[],"class_list":{"0":"post-4591","1":"product","2":"type-product","3":"status-publish","4":"has-post-thumbnail","6":"product_cat-keramik","7":"product_cat-vaser","8":"product_cat-keramikvaser","9":"product_cat-alle-produkter","10":"sales-flash-overlay","11":"woocommerce-text-align-center","12":"woocommerce-image-align-center","13":"do-quantity-buttons","14":"wc-has-gallery","16":"first","17":"instock","18":"taxable","19":"shipping-taxable","20":"purchasable","21":"product-type-simple"},"acf":[],"yoast_head":"<!-- This site is optimized with the Yoast SEO plugin v23.6 - https:\/\/yoast.com\/wordpress\/plugins\/seo\/ -->\n<title>Lava vase Rose S - Eden Outcast<\/title>\n<meta name=\"robots\" content=\"index, follow, max-snippet:-1, max-image-preview:large, max-video-preview:-1\" \/>\n<link rel=\"canonical\" href=\"https:\/\/eden-outcast.com\/da\/product\/lava-vase-rose-s\/\" \/>\n<meta property=\"og:locale\" content=\"da_DK\" \/>\n<meta property=\"og:type\" content=\"article\" \/>\n<meta property=\"og:title\" content=\"Lava vase Rose S - Eden Outcast\" \/>\n<meta property=\"og:description\" content=\"Glasuren p\u00e5 vasen er lyser\u00f8d og pastel gul. P\u00e5 toppen er der et lag glasur med perlemors effekt. De nederste 9 cm af Lava vasen er mat, og den lyser\u00f8de og pastel gule farve smelter sammen. Hver vase er unik og h\u00e5nd malet. Dette design er et holdnings v\u00e6rk. Lava vasen er lige s\u00e5 god til blomster som uden, da den fint kan fungere som skulptur. Du kan style den med nogle f\u00e5 blomster eller en masse, du kan lave s\u00e5 mange forskellige udseende, ved at bruge et eller flere af hullerne.H\u00f8jden er 24 cm.\" \/>\n<meta property=\"og:url\" content=\"https:\/\/eden-outcast.com\/da\/product\/lava-vase-rose-s\/\" \/>\n<meta property=\"og:site_name\" content=\"Eden Outcast\" \/>\n<meta property=\"article:publisher\" content=\"https:\/\/www.facebook.com\/edenoutcast\/\" \/>\n<meta property=\"article:modified_time\" content=\"2023-03-06T13:45:06+00:00\" \/>\n<meta property=\"og:image\" content=\"https:\/\/eden-outcast.com\/wp-content\/uploads\/2020\/04\/Lava-Vase-S-rose.jpg\" \/>\n\t<meta property=\"og:image:width\" content=\"667\" \/>\n\t<meta property=\"og:image:height\" content=\"1000\" \/>\n\t<meta property=\"og:image:type\" content=\"image\/jpeg\" \/>\n<script type=\"application\/ld+json\" class=\"yoast-schema-graph\">{\"@context\":\"https:\/\/schema.org\",\"@graph\":[{\"@type\":\"WebPage\",\"@id\":\"https:\/\/eden-outcast.com\/da\/product\/lava-vase-rose-s\/\",\"url\":\"https:\/\/eden-outcast.com\/da\/product\/lava-vase-rose-s\/\",\"name\":\"Lava vase Rose S - Eden Outcast\",\"isPartOf\":{\"@id\":\"https:\/\/eden-outcast.com\/da\/#website\"},\"primaryImageOfPage\":{\"@id\":\"https:\/\/eden-outcast.com\/da\/product\/lava-vase-rose-s\/#primaryimage\"},\"image\":{\"@id\":\"https:\/\/eden-outcast.com\/da\/product\/lava-vase-rose-s\/#primaryimage\"},\"thumbnailUrl\":\"https:\/\/eden-outcast.com\/wp-content\/uploads\/2020\/04\/Lava-Vase-S-rose.jpg\",\"datePublished\":\"2019-02-26T13:26:30+00:00\",\"dateModified\":\"2023-03-06T13:45:06+00:00\",\"breadcrumb\":{\"@id\":\"https:\/\/eden-outcast.com\/da\/product\/lava-vase-rose-s\/#breadcrumb\"},\"inLanguage\":\"da-DK\",\"potentialAction\":[{\"@type\":\"ReadAction\",\"target\":[\"https:\/\/eden-outcast.com\/da\/product\/lava-vase-rose-s\/\"]}]},{\"@type\":\"ImageObject\",\"inLanguage\":\"da-DK\",\"@id\":\"https:\/\/eden-outcast.com\/da\/product\/lava-vase-rose-s\/#primaryimage\",\"url\":\"https:\/\/eden-outcast.com\/wp-content\/uploads\/2020\/04\/Lava-Vase-S-rose.jpg\",\"contentUrl\":\"https:\/\/eden-outcast.com\/wp-content\/uploads\/2020\/04\/Lava-Vase-S-rose.jpg\",\"width\":667,\"height\":1000,\"caption\":\"Packshot of Lava Vase S i rose\"},{\"@type\":\"BreadcrumbList\",\"@id\":\"https:\/\/eden-outcast.com\/da\/product\/lava-vase-rose-s\/#breadcrumb\",\"itemListElement\":[{\"@type\":\"ListItem\",\"position\":1,\"name\":\"Hjem\",\"item\":\"https:\/\/eden-outcast.com\/da\/\"},{\"@type\":\"ListItem\",\"position\":2,\"name\":\"Shop\",\"item\":\"https:\/\/eden-outcast.com\/da\/shop-2\/\"},{\"@type\":\"ListItem\",\"position\":3,\"name\":\"Lava vase Rose S\"}]},{\"@type\":\"WebSite\",\"@id\":\"https:\/\/eden-outcast.com\/da\/#website\",\"url\":\"https:\/\/eden-outcast.com\/da\/\",\"name\":\"Eden Outcast\",\"description\":\"\",\"publisher\":{\"@id\":\"https:\/\/eden-outcast.com\/da\/#organization\"},\"potentialAction\":[{\"@type\":\"SearchAction\",\"target\":{\"@type\":\"EntryPoint\",\"urlTemplate\":\"https:\/\/eden-outcast.com\/da\/?s={search_term_string}\"},\"query-input\":{\"@type\":\"PropertyValueSpecification\",\"valueRequired\":true,\"valueName\":\"search_term_string\"}}],\"inLanguage\":\"da-DK\"},{\"@type\":\"Organization\",\"@id\":\"https:\/\/eden-outcast.com\/da\/#organization\",\"name\":\"Eden Outcast\",\"url\":\"https:\/\/eden-outcast.com\/da\/\",\"logo\":{\"@type\":\"ImageObject\",\"inLanguage\":\"da-DK\",\"@id\":\"https:\/\/eden-outcast.com\/da\/#\/schema\/logo\/image\/\",\"url\":\"https:\/\/eden-outcast.com\/wp-content\/uploads\/2018\/09\/Logo-300px.png\",\"contentUrl\":\"https:\/\/eden-outcast.com\/wp-content\/uploads\/2018\/09\/Logo-300px.png\",\"width\":626,\"height\":181,\"caption\":\"Eden Outcast\"},\"image\":{\"@id\":\"https:\/\/eden-outcast.com\/da\/#\/schema\/logo\/image\/\"},\"sameAs\":[\"https:\/\/www.facebook.com\/edenoutcast\/\",\"https:\/\/www.instagram.com\/eden_outcast\/\"]}]}<\/script>\n<!-- \/ Yoast SEO plugin. -->","yoast_head_json":{"title":"Lava vase Rose S - Eden Outcast","robots":{"index":"index","follow":"follow","max-snippet":"max-snippet:-1","max-image-preview":"max-image-preview:large","max-video-preview":"max-video-preview:-1"},"canonical":"https:\/\/eden-outcast.com\/da\/product\/lava-vase-rose-s\/","og_locale":"da_DK","og_type":"article","og_title":"Lava vase Rose S - Eden Outcast","og_description":"Glasuren p\u00e5 vasen er lyser\u00f8d og pastel gul. P\u00e5 toppen er der et lag glasur med perlemors effekt. De nederste 9 cm af Lava vasen er mat, og den lyser\u00f8de og pastel gule farve smelter sammen. Hver vase er unik og h\u00e5nd malet. Dette design er et holdnings v\u00e6rk. Lava vasen er lige s\u00e5 god til blomster som uden, da den fint kan fungere som skulptur. Du kan style den med nogle f\u00e5 blomster eller en masse, du kan lave s\u00e5 mange forskellige udseende, ved at bruge et eller flere af hullerne.H\u00f8jden er 24 cm.","og_url":"https:\/\/eden-outcast.com\/da\/product\/lava-vase-rose-s\/","og_site_name":"Eden Outcast","article_publisher":"https:\/\/www.facebook.com\/edenoutcast\/","article_modified_time":"2023-03-06T13:45:06+00:00","og_image":[{"width":667,"height":1000,"url":"https:\/\/eden-outcast.com\/wp-content\/uploads\/2020\/04\/Lava-Vase-S-rose.jpg","type":"image\/jpeg"}],"schema":{"@context":"https:\/\/schema.org","@graph":[{"@type":"WebPage","@id":"https:\/\/eden-outcast.com\/da\/product\/lava-vase-rose-s\/","url":"https:\/\/eden-outcast.com\/da\/product\/lava-vase-rose-s\/","name":"Lava vase Rose S - Eden Outcast","isPartOf":{"@id":"https:\/\/eden-outcast.com\/da\/#website"},"primaryImageOfPage":{"@id":"https:\/\/eden-outcast.com\/da\/product\/lava-vase-rose-s\/#primaryimage"},"image":{"@id":"https:\/\/eden-outcast.com\/da\/product\/lava-vase-rose-s\/#primaryimage"},"thumbnailUrl":"https:\/\/eden-outcast.com\/wp-content\/uploads\/2020\/04\/Lava-Vase-S-rose.jpg","datePublished":"2019-02-26T13:26:30+00:00","dateModified":"2023-03-06T13:45:06+00:00","breadcrumb":{"@id":"https:\/\/eden-outcast.com\/da\/product\/lava-vase-rose-s\/#breadcrumb"},"inLanguage":"da-DK","potentialAction":[{"@type":"ReadAction","target":["https:\/\/eden-outcast.com\/da\/product\/lava-vase-rose-s\/"]}]},{"@type":"ImageObject","inLanguage":"da-DK","@id":"https:\/\/eden-outcast.com\/da\/product\/lava-vase-rose-s\/#primaryimage","url":"https:\/\/eden-outcast.com\/wp-content\/uploads\/2020\/04\/Lava-Vase-S-rose.jpg","contentUrl":"https:\/\/eden-outcast.com\/wp-content\/uploads\/2020\/04\/Lava-Vase-S-rose.jpg","width":667,"height":1000,"caption":"Packshot of Lava Vase S i rose"},{"@type":"BreadcrumbList","@id":"https:\/\/eden-outcast.com\/da\/product\/lava-vase-rose-s\/#breadcrumb","itemListElement":[{"@type":"ListItem","position":1,"name":"Hjem","item":"https:\/\/eden-outcast.com\/da\/"},{"@type":"ListItem","position":2,"name":"Shop","item":"https:\/\/eden-outcast.com\/da\/shop-2\/"},{"@type":"ListItem","position":3,"name":"Lava vase Rose S"}]},{"@type":"WebSite","@id":"https:\/\/eden-outcast.com\/da\/#website","url":"https:\/\/eden-outcast.com\/da\/","name":"Eden Outcast","description":"","publisher":{"@id":"https:\/\/eden-outcast.com\/da\/#organization"},"potentialAction":[{"@type":"SearchAction","target":{"@type":"EntryPoint","urlTemplate":"https:\/\/eden-outcast.com\/da\/?s={search_term_string}"},"query-input":{"@type":"PropertyValueSpecification","valueRequired":true,"valueName":"search_term_string"}}],"inLanguage":"da-DK"},{"@type":"Organization","@id":"https:\/\/eden-outcast.com\/da\/#organization","name":"Eden Outcast","url":"https:\/\/eden-outcast.com\/da\/","logo":{"@type":"ImageObject","inLanguage":"da-DK","@id":"https:\/\/eden-outcast.com\/da\/#\/schema\/logo\/image\/","url":"https:\/\/eden-outcast.com\/wp-content\/uploads\/2018\/09\/Logo-300px.png","contentUrl":"https:\/\/eden-outcast.com\/wp-content\/uploads\/2018\/09\/Logo-300px.png","width":626,"height":181,"caption":"Eden Outcast"},"image":{"@id":"https:\/\/eden-outcast.com\/da\/#\/schema\/logo\/image\/"},"sameAs":["https:\/\/www.facebook.com\/edenoutcast\/","https:\/\/www.instagram.com\/eden_outcast\/"]}]}},"_links":{"self":[{"href":"https:\/\/eden-outcast.com\/da\/wp-json\/wp\/v2\/product\/4591"}],"collection":[{"href":"https:\/\/eden-outcast.com\/da\/wp-json\/wp\/v2\/product"}],"about":[{"href":"https:\/\/eden-outcast.com\/da\/wp-json\/wp\/v2\/types\/product"}],"wp:featuredmedia":[{"embeddable":true,"href":"https:\/\/eden-outcast.com\/da\/wp-json\/wp\/v2\/media\/5121"}],"wp:attachment":[{"href":"https:\/\/eden-outcast.com\/da\/wp-json\/wp\/v2\/media?parent=4591"}],"wp:term":[{"taxonomy":"product_cat","embeddable":true,"href":"https:\/\/eden-outcast.com\/da\/wp-json\/wp\/v2\/product_cat?post=4591"},{"taxonomy":"product_tag","embeddable":true,"href":"https:\/\/eden-outcast.com\/da\/wp-json\/wp\/v2\/product_tag?post=4591"}],"curies":[{"name":"wp","href":"https:\/\/api.w.org\/{rel}","templated":true}]}}